{"id":47,"date":"2020-09-03T14:35:10","date_gmt":"2020-09-03T14:35:10","guid":{"rendered":"http:\/\/www.lok-jastrzab.pl\/?page_id=47"},"modified":"2024-06-11T09:07:08","modified_gmt":"2024-06-11T09:07:08","slug":"galeria-wydarzenia","status":"publish","type":"page","link":"https:\/\/www.lok-jastrzab.pl\/index.php\/galeria-wydarzenia\/","title":{"rendered":"GALERIA WYDARZENIA"},"content":{"rendered":"\n<div class=\"ngg-albumoverview default-view\">\n            <div class=\"ngg-album-compact\">\n            <div class=\"ngg-album-compactbox\">\n                <div class=\"ngg-album-link\">\n                                        <a title='Integracja 2025'\n                       href='https:\/\/www.lok-jastrzab.pl\/index.php\/galeria-wydarzenia\/nggallery\/2020\/integracja-2025'>\n                        <img class=\"Thumb\"\n                             alt=\"Integracja 2025\"\n                             src=\"https:\/\/www.lok-jastrzab.pl\/wp-content\/gallery\/integracja-2025\/cache\/int1.jpeg-nggid041592-ngg0dyn-240x160x100-00f0w010c011r110f110r010t010.jpeg\"\/>\n                    <\/a>\n                                    <\/div>\n            <\/div>\n                        <h4>\n                <a class='ngg-album-desc' title='Integracja 2025'\n                       href='https:\/\/www.lok-jastrzab.pl\/index.php\/galeria-wydarzenia\/nggallery\/2020\/integracja-2025'style=\"max-width: 260px\">Integracja 2025<\/a>\n            <\/h4>\n            <p class=\"ngg-album-gallery-image-counter\">\n                                    <strong>14<\/strong>&nbsp;Zdj\u0119\u0107                            <\/p>\n        <\/div>\n            <div class=\"ngg-album-compact\">\n            <div class=\"ngg-album-compactbox\">\n                <div class=\"ngg-album-link\">\n                                        <a title='Walne Zgromadznie 2025'\n                       href='https:\/\/www.lok-jastrzab.pl\/index.php\/galeria-wydarzenia\/nggallery\/2020\/walne-zgromadznie-2025'>\n                        <img class=\"Thumb\"\n                             alt=\"Walne Zgromadznie 2025\"\n                             src=\"https:\/\/www.lok-jastrzab.pl\/wp-content\/gallery\/walne-zgromadznie-2025\/cache\/IMG-20251108-WA0025.jpg-nggid041536-ngg0dyn-240x160x100-00f0w010c011r110f110r010t010.jpg\"\/>\n                    <\/a>\n                                    <\/div>\n            <\/div>\n                        <h4>\n                <a class='ngg-album-desc' title='Walne Zgromadznie 2025'\n                       href='https:\/\/www.lok-jastrzab.pl\/index.php\/galeria-wydarzenia\/nggallery\/2020\/walne-zgromadznie-2025'style=\"max-width: 260px\">Walne Zgromadznie 2025<\/a>\n            <\/h4>\n            <p class=\"ngg-album-gallery-image-counter\">\n                                    <strong>66<\/strong>&nbsp;Zdj\u0119\u0107                            <\/p>\n        <\/div>\n            <div class=\"ngg-album-compact\">\n            <div class=\"ngg-album-compactbox\">\n                <div class=\"ngg-album-link\">\n                                        <a title='Zawody klubowe 10 maja 2025'\n                       href='https:\/\/www.lok-jastrzab.pl\/index.php\/galeria-wydarzenia\/nggallery\/2020\/zawody-klubowe-10-maja-2025'>\n                        <img class=\"Thumb\"\n                             alt=\"Zawody klubowe 10 maja 2025\"\n                             src=\"https:\/\/www.lok-jastrzab.pl\/wp-content\/gallery\/zawody-klubowe-10-maja-2025\/cache\/zawody1.jpg-nggid041510-ngg0dyn-240x160x100-00f0w010c011r110f110r010t010.jpg\"\/>\n                    <\/a>\n                                    <\/div>\n            <\/div>\n                        <h4>\n                <a class='ngg-album-desc' title='Zawody klubowe 10 maja 2025'\n                       href='https:\/\/www.lok-jastrzab.pl\/index.php\/galeria-wydarzenia\/nggallery\/2020\/zawody-klubowe-10-maja-2025'style=\"max-width: 260px\">Zawody klubowe 10 maja 2025<\/a>\n            <\/h4>\n            <p class=\"ngg-album-gallery-image-counter\">\n                                    <strong>16<\/strong>&nbsp;Zdj\u0119\u0107                            <\/p>\n        <\/div>\n            <div class=\"ngg-album-compact\">\n            <div class=\"ngg-album-compactbox\">\n                <div class=\"ngg-album-link\">\n                                        <a title='III Mistrzostwa Polski w Strzelaniu z Broni Historycznej 2024'\n                       href='https:\/\/www.lok-jastrzab.pl\/index.php\/galeria-wydarzenia\/nggallery\/2020\/iii-mistrzostwa-polski-w-strzelaniu-z-broni-historycznej-2024'>\n                        <img class=\"Thumb\"\n                             alt=\"III Mistrzostwa Polski w Strzelaniu z Broni Historycznej 2024\"\n                             src=\"https:\/\/www.lok-jastrzab.pl\/wp-content\/gallery\/iii-mistrzostwa-polski-w-strzelaniu-z-broni-historycznej-2024\/cache\/678A2610.JPG-nggid041421-ngg0dyn-240x160x100-00f0w010c011r110f110r010t010.JPG\"\/>\n                    <\/a>\n                                    <\/div>\n            <\/div>\n                        <h4>\n                <a class='ngg-album-desc' title='III Mistrzostwa Polski w Strzelaniu z Broni Historycznej 2024'\n                       href='https:\/\/www.lok-jastrzab.pl\/index.php\/galeria-wydarzenia\/nggallery\/2020\/iii-mistrzostwa-polski-w-strzelaniu-z-broni-historycznej-2024'style=\"max-width: 260px\">III Mistrzostwa Polski w Strzelaniu z Broni Historycznej 2024<\/a>\n            <\/h4>\n            <p class=\"ngg-album-gallery-image-counter\">\n                                    <strong>26<\/strong>&nbsp;Zdj\u0119\u0107                            <\/p>\n        <\/div>\n            <div class=\"ngg-album-compact\">\n            <div class=\"ngg-album-compactbox\">\n                <div class=\"ngg-album-link\">\n                                        <a title='Impreza Integracyjna - Swarz\u0119dz, 2023'\n                       href='https:\/\/www.lok-jastrzab.pl\/index.php\/galeria-wydarzenia\/nggallery\/2020\/impreza-integracyjna-swarzedz-2023'>\n                        <img class=\"Thumb\"\n                             alt=\"Impreza Integracyjna - Swarz\u0119dz, 2023\"\n                             src=\"https:\/\/www.lok-jastrzab.pl\/wp-content\/gallery\/impreza-integracyjna-swarzedz-2023\/cache\/DSC_0107.JPG-nggid041451-ngg0dyn-240x160x100-00f0w010c011r110f110r010t010.JPG\"\/>\n                    <\/a>\n                                    <\/div>\n            <\/div>\n                        <h4>\n                <a class='ngg-album-desc' title='Impreza Integracyjna - Swarz\u0119dz, 2023'\n                       href='https:\/\/www.lok-jastrzab.pl\/index.php\/galeria-wydarzenia\/nggallery\/2020\/impreza-integracyjna-swarzedz-2023'style=\"max-width: 260px\">Impreza Integracyjna - Swarz\u0119dz, 2023<\/a>\n            <\/h4>\n            <p class=\"ngg-album-gallery-image-counter\">\n                                    <strong>63<\/strong>&nbsp;Zdj\u0119\u0107                            <\/p>\n        <\/div>\n            <div class=\"ngg-album-compact\">\n            <div class=\"ngg-album-compactbox\">\n                <div class=\"ngg-album-link\">\n                                        <a title='Puchar Prezesa 2023'\n                       href='https:\/\/www.lok-jastrzab.pl\/index.php\/galeria-wydarzenia\/nggallery\/2020\/puchar-prezesa-2023'>\n                        <img class=\"Thumb\"\n                             alt=\"Puchar Prezesa 2023\"\n                             src=\"https:\/\/www.lok-jastrzab.pl\/wp-content\/gallery\/puchar-prezesa-2023\/cache\/20231104_133553.jpg-nggid041420-ngg0dyn-240x160x100-00f0w010c011r110f110r010t010.jpg\"\/>\n                    <\/a>\n                                    <\/div>\n            <\/div>\n                        <h4>\n                <a class='ngg-album-desc' title='Puchar Prezesa 2023'\n                       href='https:\/\/www.lok-jastrzab.pl\/index.php\/galeria-wydarzenia\/nggallery\/2020\/puchar-prezesa-2023'style=\"max-width: 260px\">Puchar Prezesa 2023<\/a>\n            <\/h4>\n            <p class=\"ngg-album-gallery-image-counter\">\n                                    <strong>40<\/strong>&nbsp;Zdj\u0119\u0107                            <\/p>\n        <\/div>\n            <div class=\"ngg-album-compact\">\n            <div class=\"ngg-album-compactbox\">\n                <div class=\"ngg-album-link\">\n                                        <a title='Otwarte Mistrzostwa Klubu 02.09.2023'\n                       href='https:\/\/www.lok-jastrzab.pl\/index.php\/galeria-wydarzenia\/nggallery\/2020\/otwarte-mistrzostwa-klubu-02-09-2023'>\n                        <img class=\"Thumb\"\n                             alt=\"Otwarte Mistrzostwa Klubu 02.09.2023\"\n                             src=\"https:\/\/www.lok-jastrzab.pl\/wp-content\/gallery\/otwarte-mistrzostwa-klubu-02-09-2023\/cache\/DSC_0037.JPG-nggid041281-ngg0dyn-240x160x100-00f0w010c011r110f110r010t010.JPG\"\/>\n                    <\/a>\n                                    <\/div>\n            <\/div>\n                        <h4>\n                <a class='ngg-album-desc' title='Otwarte Mistrzostwa Klubu 02.09.2023'\n                       href='https:\/\/www.lok-jastrzab.pl\/index.php\/galeria-wydarzenia\/nggallery\/2020\/otwarte-mistrzostwa-klubu-02-09-2023'style=\"max-width: 260px\">Otwarte Mistrzostwa Klubu 02.09.2023<\/a>\n            <\/h4>\n            <p class=\"ngg-album-gallery-image-counter\">\n                                    <strong>121<\/strong>&nbsp;Zdj\u0119\u0107                            <\/p>\n        <\/div>\n            <div class=\"ngg-album-compact\">\n            <div class=\"ngg-album-compactbox\">\n                <div class=\"ngg-album-link\">\n                                        <a title='Puchar Prezesa 2022'\n                       href='https:\/\/www.lok-jastrzab.pl\/index.php\/galeria-wydarzenia\/nggallery\/2020\/puchar-prezesa-2022'>\n                        <img class=\"Thumb\"\n                             alt=\"Puchar Prezesa 2022\"\n                             src=\"https:\/\/www.lok-jastrzab.pl\/wp-content\/gallery\/puchar-prezesa-2022\/cache\/IMG_4424.jpg-nggid041259-ngg0dyn-240x160x100-00f0w010c011r110f110r010t010.jpg\"\/>\n                    <\/a>\n                                    <\/div>\n            <\/div>\n                        <h4>\n                <a class='ngg-album-desc' title='Puchar Prezesa 2022'\n                       href='https:\/\/www.lok-jastrzab.pl\/index.php\/galeria-wydarzenia\/nggallery\/2020\/puchar-prezesa-2022'style=\"max-width: 260px\">Puchar Prezesa 2022<\/a>\n            <\/h4>\n            <p class=\"ngg-album-gallery-image-counter\">\n                                    <strong>25<\/strong>&nbsp;Zdj\u0119\u0107                            <\/p>\n        <\/div>\n            <div class=\"ngg-album-compact\">\n            <div class=\"ngg-album-compactbox\">\n                <div class=\"ngg-album-link\">\n                                        <a title='Zdj\u0119cia z Otwartych Mistrzostw Jastrz\u0119bia 2020'\n                       href='https:\/\/www.lok-jastrzab.pl\/index.php\/galeria-wydarzenia\/nggallery\/2020\/zdjecia-z-otwartych-mistrzostw-jastrzebia-2020'>\n                        <img class=\"Thumb\"\n                             alt=\"Zdj\u0119cia z Otwartych Mistrzostw Jastrz\u0119bia 2020\"\n                             src=\"https:\/\/www.lok-jastrzab.pl\/wp-content\/gallery\/zdjecia-z-otwartych-mistrzostw-jastrzebia-2020\/cache\/DSC_0003.jpg-nggid011-ngg0dyn-240x160x100-00f0w010c011r110f110r010t010.jpg\"\/>\n                    <\/a>\n                                    <\/div>\n            <\/div>\n                        <h4>\n                <a class='ngg-album-desc' title='Zdj\u0119cia z Otwartych Mistrzostw Jastrz\u0119bia 2020'\n                       href='https:\/\/www.lok-jastrzab.pl\/index.php\/galeria-wydarzenia\/nggallery\/2020\/zdjecia-z-otwartych-mistrzostw-jastrzebia-2020'style=\"max-width: 260px\">Zdj\u0119cia z Otwartych Mistrzostw Jastrz\u0119bia 2020<\/a>\n            <\/h4>\n            <p class=\"ngg-album-gallery-image-counter\">\n                                    <strong>84<\/strong>&nbsp;Zdj\u0119\u0107                            <\/p>\n        <\/div>\n            <div class=\"ngg-album-compact\">\n            <div class=\"ngg-album-compactbox\">\n                <div class=\"ngg-album-link\">\n                                        <a title='Wojew\u00f3dzkie Mistrzostwa K\u017bR 2021'\n                       href='https:\/\/www.lok-jastrzab.pl\/index.php\/galeria-wydarzenia\/nggallery\/2020\/wojewodzkie-mistrzostwa-kzr-2021'>\n                        <img class=\"Thumb\"\n                             alt=\"Wojew\u00f3dzkie Mistrzostwa K\u017bR 2021\"\n                             src=\"https:\/\/www.lok-jastrzab.pl\/wp-content\/gallery\/wojewodzkie-mistrzostwa-kzr-2021\/cache\/DSC00664.JPG-nggid03117-ngg0dyn-240x160x100-00f0w010c011r110f110r010t010.JPG\"\/>\n                    <\/a>\n                                    <\/div>\n            <\/div>\n                        <h4>\n                <a class='ngg-album-desc' title='Wojew\u00f3dzkie Mistrzostwa K\u017bR 2021'\n                       href='https:\/\/www.lok-jastrzab.pl\/index.php\/galeria-wydarzenia\/nggallery\/2020\/wojewodzkie-mistrzostwa-kzr-2021'style=\"max-width: 260px\">Wojew\u00f3dzkie Mistrzostwa K\u017bR 2021<\/a>\n            <\/h4>\n            <p class=\"ngg-album-gallery-image-counter\">\n                                    <strong>9<\/strong>&nbsp;Zdj\u0119\u0107                            <\/p>\n        <\/div>\n            <div class=\"ngg-album-compact\">\n            <div class=\"ngg-album-compactbox\">\n                <div class=\"ngg-album-link\">\n                                        <a title='Zdj\u0119cia z Otwartych Mistrzostw Jastrz\u0119bia 2021'\n                       href='https:\/\/www.lok-jastrzab.pl\/index.php\/galeria-wydarzenia\/nggallery\/2020\/zdjecia-z-otwartych-mistrzostw-jastrzebia-2021'>\n                        <img class=\"Thumb\"\n                             alt=\"Zdj\u0119cia z Otwartych Mistrzostw Jastrz\u0119bia 2021\"\n                             src=\"https:\/\/www.lok-jastrzab.pl\/wp-content\/gallery\/zdjecia-z-otwartych-mistrzostw-jastrzebia-2021\/cache\/IMG-20211005-WA0015.jpg-nggid03129-ngg0dyn-240x160x100-00f0w010c011r110f110r010t010.jpg\"\/>\n                    <\/a>\n                                    <\/div>\n            <\/div>\n                        <h4>\n                <a class='ngg-album-desc' title='Zdj\u0119cia z Otwartych Mistrzostw Jastrz\u0119bia 2021'\n                       href='https:\/\/www.lok-jastrzab.pl\/index.php\/galeria-wydarzenia\/nggallery\/2020\/zdjecia-z-otwartych-mistrzostw-jastrzebia-2021'style=\"max-width: 260px\">Zdj\u0119cia z Otwartych Mistrzostw Jastrz\u0119bia 2021<\/a>\n            <\/h4>\n            <p class=\"ngg-album-gallery-image-counter\">\n                                    <strong>150<\/strong>&nbsp;Zdj\u0119\u0107                            <\/p>\n        <\/div>\n            <div class=\"ngg-album-compact\">\n            <div class=\"ngg-album-compactbox\">\n                <div class=\"ngg-album-link\">\n                                        <a title='PODSUMOWANIE I ZAKO\u0143CZENIE ROKU STRZELECKIEGO 2021'\n                       href='https:\/\/www.lok-jastrzab.pl\/index.php\/galeria-wydarzenia\/nggallery\/2020\/podsumowanie-i-zakonczenie-roku-strzeleckiego-2021'>\n                        <img class=\"Thumb\"\n                             alt=\"PODSUMOWANIE I ZAKO\u0143CZENIE ROKU STRZELECKIEGO 2021\"\n                             src=\"https:\/\/www.lok-jastrzab.pl\/wp-content\/gallery\/podsumowanie-i-zakonczenie-roku-strzeleckiego-2021\/cache\/IMG_0094.JPG-nggid03369-ngg0dyn-240x160x100-00f0w010c011r110f110r010t010.JPG\"\/>\n                    <\/a>\n                                    <\/div>\n            <\/div>\n                        <h4>\n                <a class='ngg-album-desc' title='PODSUMOWANIE I ZAKO\u0143CZENIE ROKU STRZELECKIEGO 2021'\n                       href='https:\/\/www.lok-jastrzab.pl\/index.php\/galeria-wydarzenia\/nggallery\/2020\/podsumowanie-i-zakonczenie-roku-strzeleckiego-2021'style=\"max-width: 260px\">PODSUMOWANIE I ZAKO\u0143CZENIE ROKU STRZELECKIEGO 2021<\/a>\n            <\/h4>\n            <p class=\"ngg-album-gallery-image-counter\">\n                                    <strong>34<\/strong>&nbsp;Zdj\u0119\u0107                            <\/p>\n        <\/div>\n            <div class=\"ngg-album-compact\">\n            <div class=\"ngg-album-compactbox\">\n                <div class=\"ngg-album-link\">\n                                        <a title='\u015awi\u0119to niepodleg\u0142o\u015bci 2021'\n                       href='https:\/\/www.lok-jastrzab.pl\/index.php\/galeria-wydarzenia\/nggallery\/2020\/swieto-niepodleglosci-2021-2'>\n                        <img class=\"Thumb\"\n                             alt=\"\u015awi\u0119to niepodleg\u0142o\u015bci 2021\"\n                             src=\"https:\/\/www.lok-jastrzab.pl\/wp-content\/gallery\/swieto-niepodleglosci-2021-1\/cache\/DSC_0009.JPG-nggid03955-ngg0dyn-240x160x100-00f0w010c011r110f110r010t010.JPG\"\/>\n                    <\/a>\n                                    <\/div>\n            <\/div>\n                        <h4>\n                <a class='ngg-album-desc' title='\u015awi\u0119to niepodleg\u0142o\u015bci 2021'\n                       href='https:\/\/www.lok-jastrzab.pl\/index.php\/galeria-wydarzenia\/nggallery\/2020\/swieto-niepodleglosci-2021-2'style=\"max-width: 260px\">\u015awi\u0119to niepodleg\u0142o\u015bci 2021<\/a>\n            <\/h4>\n            <p class=\"ngg-album-gallery-image-counter\">\n                                    <strong>9<\/strong>&nbsp;Zdj\u0119\u0107                            <\/p>\n        <\/div>\n            <div class=\"ngg-album-compact\">\n            <div class=\"ngg-album-compactbox\">\n                <div class=\"ngg-album-link\">\n                                        <a title='Mistrzostwa Uczni\u00f3w Szk\u00f3\u0142 Ponadpodstawowych Powiatu Pozna\u0144skiego w Kpn 2022'\n                       href='https:\/\/www.lok-jastrzab.pl\/index.php\/galeria-wydarzenia\/nggallery\/2020\/mistrzostwa-uczniow-szkol-ponadpodstawowych-powiatu-poznanskiego-w-kpn-2022'>\n                        <img class=\"Thumb\"\n                             alt=\"Mistrzostwa Uczni\u00f3w Szk\u00f3\u0142 Ponadpodstawowych Powiatu Pozna\u0144skiego w Kpn 2022\"\n                             src=\"https:\/\/www.lok-jastrzab.pl\/wp-content\/gallery\/mistrzostwa-uczniow-szkol-ponadpodstawowych-powiatu-poznanskiego-w-kpn-2022\/cache\/002.jpg-nggid03987-ngg0dyn-240x160x100-00f0w010c011r110f110r010t010.jpg\"\/>\n                    <\/a>\n                                    <\/div>\n            <\/div>\n                        <h4>\n                <a class='ngg-album-desc' title='Mistrzostwa Uczni\u00f3w Szk\u00f3\u0142 Ponadpodstawowych Powiatu Pozna\u0144skiego w Kpn 2022'\n                       href='https:\/\/www.lok-jastrzab.pl\/index.php\/galeria-wydarzenia\/nggallery\/2020\/mistrzostwa-uczniow-szkol-ponadpodstawowych-powiatu-poznanskiego-w-kpn-2022'style=\"max-width: 260px\">Mistrzostwa Uczni\u00f3w Szk\u00f3\u0142 Ponadpodstawowych Powiatu Pozna\u0144skiego w Kpn 2022<\/a>\n            <\/h4>\n            <p class=\"ngg-album-gallery-image-counter\">\n                                    <strong>31<\/strong>&nbsp;Zdj\u0119\u0107                            <\/p>\n        <\/div>\n            <div class=\"ngg-album-compact\">\n            <div class=\"ngg-album-compactbox\">\n                <div class=\"ngg-album-link\">\n                                        <a title='Jastrz\u0105b na najwy\u017cszym szczycie Ameryki P\u00f3\u0142nocnej'\n                       href='https:\/\/www.lok-jastrzab.pl\/index.php\/galeria-wydarzenia\/nggallery\/2020\/jastrzab-na-najwyzszym-szczycie-ameryki-polnocnej'>\n                        <img class=\"Thumb\"\n                             alt=\"Jastrz\u0105b na najwy\u017cszym szczycie Ameryki P\u00f3\u0142nocnej\"\n                             src=\"https:\/\/www.lok-jastrzab.pl\/wp-content\/gallery\/jastrzab-na-najwyzszym-szczycie-ameryki-polnocnej\/cache\/193739.jpg-nggid041017-ngg0dyn-240x160x100-00f0w010c011r110f110r010t010.jpg\"\/>\n                    <\/a>\n                                    <\/div>\n            <\/div>\n                        <h4>\n                <a class='ngg-album-desc' title='Jastrz\u0105b na najwy\u017cszym szczycie Ameryki P\u00f3\u0142nocnej'\n                       href='https:\/\/www.lok-jastrzab.pl\/index.php\/galeria-wydarzenia\/nggallery\/2020\/jastrzab-na-najwyzszym-szczycie-ameryki-polnocnej'style=\"max-width: 260px\">Jastrz\u0105b na najwy\u017cszym szczycie Ameryki P\u00f3\u0142nocnej<\/a>\n            <\/h4>\n            <p class=\"ngg-album-gallery-image-counter\">\n                                    <strong>19<\/strong>&nbsp;Zdj\u0119\u0107                            <\/p>\n        <\/div>\n            <div class=\"ngg-album-compact\">\n            <div class=\"ngg-album-compactbox\">\n                <div class=\"ngg-album-link\">\n                                        <a title='ZDJ\u0118CIA Z OTWARTYCH MISTRZOSTW JASTRZ\u0118BIA 2022'\n                       href='https:\/\/www.lok-jastrzab.pl\/index.php\/galeria-wydarzenia\/nggallery\/2020\/zdjecia-z-otwartych-mistrzostw-jastrzebia-2022'>\n                        <img class=\"Thumb\"\n                             alt=\"ZDJ\u0118CIA Z OTWARTYCH MISTRZOSTW JASTRZ\u0118BIA 2022\"\n                             src=\"https:\/\/www.lok-jastrzab.pl\/wp-content\/gallery\/zdjecia-z-otwartych-mistrzostw-jastrzebia-2022\/cache\/002.jpg-nggid041076-ngg0dyn-240x160x100-00f0w010c011r110f110r010t010.jpg\"\/>\n                    <\/a>\n                                    <\/div>\n            <\/div>\n                        <h4>\n                <a class='ngg-album-desc' title='ZDJ\u0118CIA Z OTWARTYCH MISTRZOSTW JASTRZ\u0118BIA 2022'\n                       href='https:\/\/www.lok-jastrzab.pl\/index.php\/galeria-wydarzenia\/nggallery\/2020\/zdjecia-z-otwartych-mistrzostw-jastrzebia-2022'style=\"max-width: 260px\">ZDJ\u0118CIA Z OTWARTYCH MISTRZOSTW JASTRZ\u0118BIA 2022<\/a>\n            <\/h4>\n            <p class=\"ngg-album-gallery-image-counter\">\n                                    <strong>135<\/strong>&nbsp;Zdj\u0119\u0107                            <\/p>\n        <\/div>\n        <br class=\"ngg-clear\"\/>\n    <div class='ngg-clear'><\/div><\/div>\n\n","protected":false},"excerpt":{"rendered":"","protected":false},"author":3,"featured_media":0,"parent":0,"menu_order":0,"comment_status":"closed","ping_status":"closed","template":"","meta":{"ngg_post_thumbnail":0},"_links":{"self":[{"href":"https:\/\/www.lok-jastrzab.pl\/index.php\/wp-json\/wp\/v2\/pages\/47"}],"collection":[{"href":"https:\/\/www.lok-jastrzab.pl\/index.php\/wp-json\/wp\/v2\/pages"}],"about":[{"href":"https:\/\/www.lok-jastrzab.pl\/index.php\/wp-json\/wp\/v2\/types\/page"}],"author":[{"embeddable":true,"href":"https:\/\/www.lok-jastrzab.pl\/index.php\/wp-json\/wp\/v2\/users\/3"}],"replies":[{"embeddable":true,"href":"https:\/\/www.lok-jastrzab.pl\/index.php\/wp-json\/wp\/v2\/comments?post=47"}],"version-history":[{"count":22,"href":"https:\/\/www.lok-jastrzab.pl\/index.php\/wp-json\/wp\/v2\/pages\/47\/revisions"}],"predecessor-version":[{"id":3849,"href":"https:\/\/www.lok-jastrzab.pl\/index.php\/wp-json\/wp\/v2\/pages\/47\/revisions\/3849"}],"wp:attachment":[{"href":"https:\/\/www.lok-jastrzab.pl\/index.php\/wp-json\/wp\/v2\/media?parent=47"}],"curies":[{"name":"wp","href":"https:\/\/api.w.org\/{rel}","templated":true}]}}